{"id":920,"date":"2022-09-16T11:27:11","date_gmt":"2022-09-16T14:27:11","guid":{"rendered":"http:\/\/intermareshall.com.br\/site\/?page_id=920"},"modified":"2022-09-20T13:40:10","modified_gmt":"2022-09-20T16:40:10","slug":"intermares-hall-realiza-primeiro-evento-teste-para-convidados","status":"publish","type":"page","link":"https:\/\/intermareshall.com.br\/site\/index.php\/intermares-hall-realiza-primeiro-evento-teste-para-convidados\/","title":{"rendered":"Fique por dentro"},"content":{"rendered":"\n<p><strong>Intermares Hall realiza primeiro evento teste para convidados<\/strong><\/p>\n\n\n\n<p>A noite de 21 de julho marcou um momento muito especial na hist\u00f3ria do Intermares Hall. Neste dia foi realizado o primeiro evento teste do Centro Cultural.<\/p>\n\n\n\n<p>No palco, a Companhia Municipal de Dan\u00e7a de Jo\u00e3o Pessoa, o Quinteto Uirapuru e o sanfoneiro Lucas Carvalho apresentaram o espet\u00e1culo <strong>Poesia do Som <\/strong>para uma plateia de parceiros, fornecedores e colaboradores.<\/p>\n\n\n\n<p><strong>Impacto positivo<\/strong><\/p>\n\n\n\n<p>O espa\u00e7o do Intermares Hall surpreendeu a todos. Confira abaixo, alguns depoimentos:<\/p>\n\n\n\n<p>&#8211; \u201cEu fiquei impactada com o que vi aqui. O local \u00e9 incr\u00edvel!\u201d.&nbsp; Walqu\u00edria Nascimento \u2013 Servidora P\u00fablica<\/p>\n\n\n\n<p>&#8211; \u201c\u00c9 uma casa de espet\u00e1culos que vai fazer hist\u00f3ria no Brasil inteiro\u201d. Omar Gama \u2013 Programa Cooperar<\/p>\n\n\n\n<p>&#8211; \u201cUm lugar muito interessante. Com certeza \u00e9 sucesso garantido\u201d. Maria Coeli &#8211; Confeiteira<\/p>\n\n\n\n<p>&#8211; \u201cAmei a estrutura, sem falar do espet\u00e1culo maravilhoso\u201d. Andrezza G\u00f3es \u2013 Professora<\/p>\n\n\n\n<p>&#8211; Jo\u00e3o Pessoa e Cabedelo ganham demais com esse lugar\u201d. Andr\u00e9a Targino \u2013 Advogada<\/p>\n\n\n\n<p><\/p>\n\n\n\n<figure class=\"wp-block-gallery has-nested-images columns-2 is-cropped wp-block-gallery-1 is-layout-flex wp-block-gallery-is-layout-flex\">\n<figure class=\"wp-block-image size-large\"><img loading=\"lazy\" decoding=\"async\" width=\"1024\" height=\"540\" data-id=\"926\" src=\"http:\/\/intermareshall.com.br\/site\/wp-content\/uploads\/2022\/09\/WhatsApp-Image-2022-07-26-at-16.09.27-2-1-1024x540.jpeg\" alt=\"\" class=\"wp-image-926\" srcset=\"https:\/\/intermareshall.com.br\/site\/wp-content\/uploads\/2022\/09\/WhatsApp-Image-2022-07-26-at-16.09.27-2-1-1024x540.jpeg 1024w, https:\/\/intermareshall.com.br\/site\/wp-content\/uploads\/2022\/09\/WhatsApp-Image-2022-07-26-at-16.09.27-2-1-300x158.jpeg 300w, https:\/\/intermareshall.com.br\/site\/wp-content\/uploads\/2022\/09\/WhatsApp-Image-2022-07-26-at-16.09.27-2-1-768x405.jpeg 768w, https:\/\/intermareshall.com.br\/site\/wp-content\/uploads\/2022\/09\/WhatsApp-Image-2022-07-26-at-16.09.27-2-1-190x100.jpeg 190w, https:\/\/intermareshall.com.br\/site\/wp-content\/uploads\/2022\/09\/WhatsApp-Image-2022-07-26-at-16.09.27-2-1-600x316.jpeg 600w, https:\/\/intermareshall.com.br\/site\/wp-content\/uploads\/2022\/09\/WhatsApp-Image-2022-07-26-at-16.09.27-2-1.jpeg 1280w\" sizes=\"auto, (max-width: 1024px) 100vw, 1024px\" \/><\/figure>\n\n\n\n<figure class=\"wp-block-image size-large\"><img loading=\"lazy\" decoding=\"async\" width=\"1024\" height=\"540\" data-id=\"924\" src=\"http:\/\/intermareshall.com.br\/site\/wp-content\/uploads\/2022\/09\/WhatsApp-Image-2022-07-26-at-16.09.27-7-1-1024x540.jpeg\" alt=\"\" class=\"wp-image-924\" srcset=\"https:\/\/intermareshall.com.br\/site\/wp-content\/uploads\/2022\/09\/WhatsApp-Image-2022-07-26-at-16.09.27-7-1-1024x540.jpeg 1024w, https:\/\/intermareshall.com.br\/site\/wp-content\/uploads\/2022\/09\/WhatsApp-Image-2022-07-26-at-16.09.27-7-1-300x158.jpeg 300w, https:\/\/intermareshall.com.br\/site\/wp-content\/uploads\/2022\/09\/WhatsApp-Image-2022-07-26-at-16.09.27-7-1-768x405.jpeg 768w, https:\/\/intermareshall.com.br\/site\/wp-content\/uploads\/2022\/09\/WhatsApp-Image-2022-07-26-at-16.09.27-7-1-190x100.jpeg 190w, https:\/\/intermareshall.com.br\/site\/wp-content\/uploads\/2022\/09\/WhatsApp-Image-2022-07-26-at-16.09.27-7-1-600x316.jpeg 600w, https:\/\/intermareshall.com.br\/site\/wp-content\/uploads\/2022\/09\/WhatsApp-Image-2022-07-26-at-16.09.27-7-1.jpeg 1280w\" sizes=\"auto, (max-width: 1024px) 100vw, 1024px\" \/><\/figure>\n\n\n\n<figure class=\"wp-block-image size-large\"><img loading=\"lazy\" decoding=\"async\" width=\"1024\" height=\"540\" data-id=\"927\" src=\"http:\/\/intermareshall.com.br\/site\/wp-content\/uploads\/2022\/09\/WhatsApp-Image-2022-07-26-at-16.09.27-15-1024x540.jpeg\" alt=\"\" class=\"wp-image-927\" srcset=\"https:\/\/intermareshall.com.br\/site\/wp-content\/uploads\/2022\/09\/WhatsApp-Image-2022-07-26-at-16.09.27-15-1024x540.jpeg 1024w, https:\/\/intermareshall.com.br\/site\/wp-content\/uploads\/2022\/09\/WhatsApp-Image-2022-07-26-at-16.09.27-15-300x158.jpeg 300w, https:\/\/intermareshall.com.br\/site\/wp-content\/uploads\/2022\/09\/WhatsApp-Image-2022-07-26-at-16.09.27-15-768x405.jpeg 768w, https:\/\/intermareshall.com.br\/site\/wp-content\/uploads\/2022\/09\/WhatsApp-Image-2022-07-26-at-16.09.27-15-190x100.jpeg 190w, https:\/\/intermareshall.com.br\/site\/wp-content\/uploads\/2022\/09\/WhatsApp-Image-2022-07-26-at-16.09.27-15-600x316.jpeg 600w, https:\/\/intermareshall.com.br\/site\/wp-content\/uploads\/2022\/09\/WhatsApp-Image-2022-07-26-at-16.09.27-15.jpeg 1280w\" sizes=\"auto, (max-width: 1024px) 100vw, 1024px\" \/><\/figure>\n\n\n\n<figure class=\"wp-block-image size-large\"><img loading=\"lazy\" decoding=\"async\" width=\"1024\" height=\"540\" data-id=\"925\" src=\"http:\/\/intermareshall.com.br\/site\/wp-content\/uploads\/2022\/09\/WhatsApp-Image-2022-07-26-at-16.09.27-18-1024x540.jpeg\" alt=\"\" class=\"wp-image-925\" srcset=\"https:\/\/intermareshall.com.br\/site\/wp-content\/uploads\/2022\/09\/WhatsApp-Image-2022-07-26-at-16.09.27-18-1024x540.jpeg 1024w, https:\/\/intermareshall.com.br\/site\/wp-content\/uploads\/2022\/09\/WhatsApp-Image-2022-07-26-at-16.09.27-18-300x158.jpeg 300w, https:\/\/intermareshall.com.br\/site\/wp-content\/uploads\/2022\/09\/WhatsApp-Image-2022-07-26-at-16.09.27-18-768x405.jpeg 768w, https:\/\/intermareshall.com.br\/site\/wp-content\/uploads\/2022\/09\/WhatsApp-Image-2022-07-26-at-16.09.27-18-190x100.jpeg 190w, https:\/\/intermareshall.com.br\/site\/wp-content\/uploads\/2022\/09\/WhatsApp-Image-2022-07-26-at-16.09.27-18-600x316.jpeg 600w, https:\/\/intermareshall.com.br\/site\/wp-content\/uploads\/2022\/09\/WhatsApp-Image-2022-07-26-at-16.09.27-18.jpeg 1280w\" sizes=\"auto, (max-width: 1024px) 100vw, 1024px\" \/><\/figure>\n\n\n\n<figure class=\"wp-block-image size-large\"><img loading=\"lazy\" decoding=\"async\" width=\"1024\" height=\"540\" data-id=\"1024\" src=\"http:\/\/intermareshall.com.br\/site\/wp-content\/uploads\/2022\/09\/WhatsApp-Image-2022-07-26-at-16.09.27-23-1-1024x540.jpeg\" alt=\"\" class=\"wp-image-1024\" srcset=\"https:\/\/intermareshall.com.br\/site\/wp-content\/uploads\/2022\/09\/WhatsApp-Image-2022-07-26-at-16.09.27-23-1-1024x540.jpeg 1024w, https:\/\/intermareshall.com.br\/site\/wp-content\/uploads\/2022\/09\/WhatsApp-Image-2022-07-26-at-16.09.27-23-1-300x158.jpeg 300w, https:\/\/intermareshall.com.br\/site\/wp-content\/uploads\/2022\/09\/WhatsApp-Image-2022-07-26-at-16.09.27-23-1-768x405.jpeg 768w, https:\/\/intermareshall.com.br\/site\/wp-content\/uploads\/2022\/09\/WhatsApp-Image-2022-07-26-at-16.09.27-23-1-190x100.jpeg 190w, https:\/\/intermareshall.com.br\/site\/wp-content\/uploads\/2022\/09\/WhatsApp-Image-2022-07-26-at-16.09.27-23-1-600x316.jpeg 600w, https:\/\/intermareshall.com.br\/site\/wp-content\/uploads\/2022\/09\/WhatsApp-Image-2022-07-26-at-16.09.27-23-1.jpeg 1280w\" sizes=\"auto, (max-width: 1024px) 100vw, 1024px\" \/><\/figure>\n\n\n\n<figure class=\"wp-block-image size-large\"><img loading=\"lazy\" decoding=\"async\" width=\"1024\" height=\"540\" data-id=\"1025\" src=\"http:\/\/intermareshall.com.br\/site\/wp-content\/uploads\/2022\/09\/WhatsApp-Image-2022-07-26-at-16.09.57-2-2-1024x540.jpeg\" alt=\"\" class=\"wp-image-1025\" srcset=\"https:\/\/intermareshall.com.br\/site\/wp-content\/uploads\/2022\/09\/WhatsApp-Image-2022-07-26-at-16.09.57-2-2-1024x540.jpeg 1024w, https:\/\/intermareshall.com.br\/site\/wp-content\/uploads\/2022\/09\/WhatsApp-Image-2022-07-26-at-16.09.57-2-2-300x158.jpeg 300w, https:\/\/intermareshall.com.br\/site\/wp-content\/uploads\/2022\/09\/WhatsApp-Image-2022-07-26-at-16.09.57-2-2-768x405.jpeg 768w, https:\/\/intermareshall.com.br\/site\/wp-content\/uploads\/2022\/09\/WhatsApp-Image-2022-07-26-at-16.09.57-2-2-190x100.jpeg 190w, https:\/\/intermareshall.com.br\/site\/wp-content\/uploads\/2022\/09\/WhatsApp-Image-2022-07-26-at-16.09.57-2-2-600x316.jpeg 600w, https:\/\/intermareshall.com.br\/site\/wp-content\/uploads\/2022\/09\/WhatsApp-Image-2022-07-26-at-16.09.57-2-2.jpeg 1280w\" sizes=\"auto, (max-width: 1024px) 100vw, 1024px\" \/><\/figure>\n<\/figure>\n","protected":false},"excerpt":{"rendered":"<p>Intermares Hall realiza primeiro evento teste para convidados A noite de 21 de julho marcou um momento muito especial na hist\u00f3ria do Intermares Hall. Neste dia foi realizado o primeiro evento teste do Centro Cultural. No palco, a Companhia Municipal de Dan\u00e7a de Jo\u00e3o Pessoa, o Quinteto Uirapuru e o sanfoneiro Lucas Carvalho apresentaram o [&hellip;]<\/p>\n","protected":false},"author":2,"featured_media":0,"parent":0,"menu_order":0,"comment_status":"closed","ping_status":"closed","template":"","meta":{"footnotes":""},"class_list":["post-920","page","type-page","status-publish","hentry",""],"_links":{"self":[{"href":"https:\/\/intermareshall.com.br\/site\/index.php\/wp-json\/wp\/v2\/pages\/920","targetHints":{"allow":["GET"]}}],"collection":[{"href":"https:\/\/intermareshall.com.br\/site\/index.php\/wp-json\/wp\/v2\/pages"}],"about":[{"href":"https:\/\/intermareshall.com.br\/site\/index.php\/wp-json\/wp\/v2\/types\/page"}],"author":[{"embeddable":true,"href":"https:\/\/intermareshall.com.br\/site\/index.php\/wp-json\/wp\/v2\/users\/2"}],"replies":[{"embeddable":true,"href":"https:\/\/intermareshall.com.br\/site\/index.php\/wp-json\/wp\/v2\/comments?post=920"}],"version-history":[{"count":3,"href":"https:\/\/intermareshall.com.br\/site\/index.php\/wp-json\/wp\/v2\/pages\/920\/revisions"}],"predecessor-version":[{"id":1026,"href":"https:\/\/intermareshall.com.br\/site\/index.php\/wp-json\/wp\/v2\/pages\/920\/revisions\/1026"}],"wp:attachment":[{"href":"https:\/\/intermareshall.com.br\/site\/index.php\/wp-json\/wp\/v2\/media?parent=920"}],"curies":[{"name":"wp","href":"https:\/\/api.w.org\/{rel}","templated":true}]}}