{"id":588,"date":"2022-03-29T09:48:34","date_gmt":"2022-03-29T12:48:34","guid":{"rendered":"http:\/\/intermareshall.com.br\/site\/?page_id=588"},"modified":"2024-10-10T09:47:31","modified_gmt":"2024-10-10T12:47:31","slug":"sobre-nos-2","status":"publish","type":"page","link":"https:\/\/intermareshall.com.br\/site\/index.php\/sobre-nos-2\/","title":{"rendered":"Sobre n\u00f3s"},"content":{"rendered":"\n<div class=\"wp-block-media-text alignwide is-stacked-on-mobile\" style=\"grid-template-columns:63% auto\"><figure class=\"wp-block-media-text__media\"><img loading=\"lazy\" decoding=\"async\" width=\"1024\" height=\"576\" src=\"http:\/\/intermareshall.com.br\/site\/wp-content\/uploads\/2022\/03\/01-3-1024x576.png\" alt=\"\" class=\"wp-image-590 size-full\" srcset=\"https:\/\/intermareshall.com.br\/site\/wp-content\/uploads\/2022\/03\/01-3-1024x576.png 1024w, https:\/\/intermareshall.com.br\/site\/wp-content\/uploads\/2022\/03\/01-3-300x169.png 300w, https:\/\/intermareshall.com.br\/site\/wp-content\/uploads\/2022\/03\/01-3-768x432.png 768w, https:\/\/intermareshall.com.br\/site\/wp-content\/uploads\/2022\/03\/01-3-178x100.png 178w, https:\/\/intermareshall.com.br\/site\/wp-content\/uploads\/2022\/03\/01-3-600x338.png 600w, https:\/\/intermareshall.com.br\/site\/wp-content\/uploads\/2022\/03\/01-3.png 1128w\" sizes=\"auto, (max-width: 1024px) 100vw, 1024px\" \/><\/figure><div class=\"wp-block-media-text__content\">\n<p class=\"has-text-align-left has-normal-font-size\">O Intermares Hall tem como miss\u00e3o promover eventos culturais e de entretenimento, tornando as artes acess\u00edveis as pessoas de todas as esferas da vida. As nossas portas abrem asas para a realiza\u00e7\u00e3o de sonhos.<\/p>\n\n\n\n<p><\/p>\n<\/div><\/div>\n\n\n\n<p>O equipamento \u00e9 um dos mais modernos do Nordeste, destacando-se como um espa\u00e7o multifuncional e vers\u00e1til. Sua estrutura possui diferenciais marcantes desde a cria\u00e7\u00e3o do projeto arquitet\u00f4nico, como tamb\u00e9m a harmoniza\u00e7\u00e3o dos sistemas de ac\u00fastica, ilumina\u00e7\u00e3o e refrigera\u00e7\u00e3o, o que garante ao espa\u00e7o o melhor som, luz e conforto t\u00e9rmico.<\/p>\n\n\n\n<p>Estrategicamente localizado no bairro de Intermares, em Cabedelo, o local apresenta para a Para\u00edba um novo conceito: o de reunir em um \u00fanico lugar, diversas configura\u00e7\u00f5es de eventos, como shows musicais, espet\u00e1culos, congressos, lan\u00e7amentos de livros, bailes, formaturas, eventos corporativos e outros.<\/p>\n\n\n\n<p><\/p>\n\n\n\n<p><\/p>\n\n\n\n<p><\/p>\n\n\n\n<p><\/p>\n\n\n\n<figure class=\"wp-block-gallery has-nested-images columns-2 is-cropped wp-block-gallery-1 is-layout-flex wp-block-gallery-is-layout-flex\">\n<figure class=\"wp-block-image size-large\"><a href=\"http:\/\/intermareshall.com.br\/site\/wp-content\/uploads\/2022\/03\/02-1.png\"><img loading=\"lazy\" decoding=\"async\" width=\"1024\" height=\"576\" data-id=\"592\" src=\"http:\/\/intermareshall.com.br\/site\/wp-content\/uploads\/2022\/03\/02-1-1024x576.png\" alt=\"\" class=\"wp-image-592\" srcset=\"https:\/\/intermareshall.com.br\/site\/wp-content\/uploads\/2022\/03\/02-1-1024x576.png 1024w, https:\/\/intermareshall.com.br\/site\/wp-content\/uploads\/2022\/03\/02-1-300x169.png 300w, https:\/\/intermareshall.com.br\/site\/wp-content\/uploads\/2022\/03\/02-1-768x432.png 768w, https:\/\/intermareshall.com.br\/site\/wp-content\/uploads\/2022\/03\/02-1-178x100.png 178w, https:\/\/intermareshall.com.br\/site\/wp-content\/uploads\/2022\/03\/02-1-600x338.png 600w, https:\/\/intermareshall.com.br\/site\/wp-content\/uploads\/2022\/03\/02-1.png 1128w\" sizes=\"auto, (max-width: 1024px) 100vw, 1024px\" \/><\/a><\/figure>\n\n\n\n<figure class=\"wp-block-image size-large\"><a href=\"http:\/\/intermareshall.com.br\/site\/wp-content\/uploads\/2022\/03\/DJI_0041-scaled.jpg\"><img loading=\"lazy\" decoding=\"async\" width=\"1024\" height=\"768\" data-id=\"600\" src=\"http:\/\/intermareshall.com.br\/site\/wp-content\/uploads\/2022\/03\/DJI_0041-1024x768.jpg\" alt=\"\" class=\"wp-image-600\" srcset=\"https:\/\/intermareshall.com.br\/site\/wp-content\/uploads\/2022\/03\/DJI_0041-1024x768.jpg 1024w, https:\/\/intermareshall.com.br\/site\/wp-content\/uploads\/2022\/03\/DJI_0041-300x225.jpg 300w, https:\/\/intermareshall.com.br\/site\/wp-content\/uploads\/2022\/03\/DJI_0041-768x576.jpg 768w, https:\/\/intermareshall.com.br\/site\/wp-content\/uploads\/2022\/03\/DJI_0041-1536x1152.jpg 1536w, https:\/\/intermareshall.com.br\/site\/wp-content\/uploads\/2022\/03\/DJI_0041-2048x1536.jpg 2048w, https:\/\/intermareshall.com.br\/site\/wp-content\/uploads\/2022\/03\/DJI_0041-133x100.jpg 133w, https:\/\/intermareshall.com.br\/site\/wp-content\/uploads\/2022\/03\/DJI_0041-600x450.jpg 600w\" sizes=\"auto, (max-width: 1024px) 100vw, 1024px\" \/><\/a><\/figure>\n\n\n\n<figure class=\"wp-block-image size-large\"><a href=\"http:\/\/intermareshall.com.br\/site\/wp-content\/uploads\/2022\/03\/DJI_0057-scaled.jpg\"><img loading=\"lazy\" decoding=\"async\" width=\"1024\" height=\"768\" data-id=\"601\" src=\"http:\/\/intermareshall.com.br\/site\/wp-content\/uploads\/2022\/03\/DJI_0057-1024x768.jpg\" alt=\"\" class=\"wp-image-601\" srcset=\"https:\/\/intermareshall.com.br\/site\/wp-content\/uploads\/2022\/03\/DJI_0057-1024x768.jpg 1024w, https:\/\/intermareshall.com.br\/site\/wp-content\/uploads\/2022\/03\/DJI_0057-300x225.jpg 300w, https:\/\/intermareshall.com.br\/site\/wp-content\/uploads\/2022\/03\/DJI_0057-768x576.jpg 768w, https:\/\/intermareshall.com.br\/site\/wp-content\/uploads\/2022\/03\/DJI_0057-1536x1152.jpg 1536w, https:\/\/intermareshall.com.br\/site\/wp-content\/uploads\/2022\/03\/DJI_0057-2048x1536.jpg 2048w, https:\/\/intermareshall.com.br\/site\/wp-content\/uploads\/2022\/03\/DJI_0057-133x100.jpg 133w, https:\/\/intermareshall.com.br\/site\/wp-content\/uploads\/2022\/03\/DJI_0057-600x450.jpg 600w\" sizes=\"auto, (max-width: 1024px) 100vw, 1024px\" \/><\/a><\/figure>\n\n\n\n<figure class=\"wp-block-image size-large\"><a href=\"http:\/\/intermareshall.com.br\/site\/wp-content\/uploads\/2022\/03\/DJI_0108-scaled.jpg\"><img loading=\"lazy\" decoding=\"async\" width=\"1024\" height=\"768\" data-id=\"602\" src=\"http:\/\/intermareshall.com.br\/site\/wp-content\/uploads\/2022\/03\/DJI_0108-1024x768.jpg\" alt=\"\" class=\"wp-image-602\" srcset=\"https:\/\/intermareshall.com.br\/site\/wp-content\/uploads\/2022\/03\/DJI_0108-1024x768.jpg 1024w, https:\/\/intermareshall.com.br\/site\/wp-content\/uploads\/2022\/03\/DJI_0108-300x225.jpg 300w, https:\/\/intermareshall.com.br\/site\/wp-content\/uploads\/2022\/03\/DJI_0108-768x576.jpg 768w, https:\/\/intermareshall.com.br\/site\/wp-content\/uploads\/2022\/03\/DJI_0108-1536x1152.jpg 1536w, https:\/\/intermareshall.com.br\/site\/wp-content\/uploads\/2022\/03\/DJI_0108-2048x1536.jpg 2048w, https:\/\/intermareshall.com.br\/site\/wp-content\/uploads\/2022\/03\/DJI_0108-133x100.jpg 133w, https:\/\/intermareshall.com.br\/site\/wp-content\/uploads\/2022\/03\/DJI_0108-600x450.jpg 600w\" sizes=\"auto, (max-width: 1024px) 100vw, 1024px\" \/><\/a><\/figure>\n<\/figure>\n\n\n\n<p><\/p>\n","protected":false},"excerpt":{"rendered":"<p>O Intermares Hall tem como miss\u00e3o promover eventos culturais e de entretenimento, tornando as artes acess\u00edveis as pessoas de todas as esferas da vida. As nossas portas abrem asas para a realiza\u00e7\u00e3o de sonhos. O equipamento \u00e9 um dos mais modernos do Nordeste, destacando-se como um espa\u00e7o multifuncional e vers\u00e1til. Sua estrutura possui diferenciais marcantes [&hellip;]<\/p>\n","protected":false},"author":2,"featured_media":0,"parent":0,"menu_order":0,"comment_status":"closed","ping_status":"closed","template":"","meta":{"footnotes":""},"class_list":["post-588","page","type-page","status-publish","hentry",""],"_links":{"self":[{"href":"https:\/\/intermareshall.com.br\/site\/index.php\/wp-json\/wp\/v2\/pages\/588","targetHints":{"allow":["GET"]}}],"collection":[{"href":"https:\/\/intermareshall.com.br\/site\/index.php\/wp-json\/wp\/v2\/pages"}],"about":[{"href":"https:\/\/intermareshall.com.br\/site\/index.php\/wp-json\/wp\/v2\/types\/page"}],"author":[{"embeddable":true,"href":"https:\/\/intermareshall.com.br\/site\/index.php\/wp-json\/wp\/v2\/users\/2"}],"replies":[{"embeddable":true,"href":"https:\/\/intermareshall.com.br\/site\/index.php\/wp-json\/wp\/v2\/comments?post=588"}],"version-history":[{"count":9,"href":"https:\/\/intermareshall.com.br\/site\/index.php\/wp-json\/wp\/v2\/pages\/588\/revisions"}],"predecessor-version":[{"id":1472,"href":"https:\/\/intermareshall.com.br\/site\/index.php\/wp-json\/wp\/v2\/pages\/588\/revisions\/1472"}],"wp:attachment":[{"href":"https:\/\/intermareshall.com.br\/site\/index.php\/wp-json\/wp\/v2\/media?parent=588"}],"curies":[{"name":"wp","href":"https:\/\/api.w.org\/{rel}","templated":true}]}}