{"id":535,"date":"2022-03-15T12:17:47","date_gmt":"2022-03-15T15:17:47","guid":{"rendered":"http:\/\/intermareshall.com.br\/site\/?page_id=535"},"modified":"2024-10-10T09:45:57","modified_gmt":"2024-10-10T12:45:57","slug":"salas-corporativas","status":"publish","type":"page","link":"https:\/\/intermareshall.com.br\/site\/index.php\/salas-corporativas\/","title":{"rendered":"Miniaudit\u00f3rios"},"content":{"rendered":"\n<div class=\"wp-block-media-text alignwide is-stacked-on-mobile\"><figure class=\"wp-block-media-text__media\"><img loading=\"lazy\" decoding=\"async\" width=\"1024\" height=\"696\" src=\"http:\/\/intermareshall.com.br\/site\/wp-content\/uploads\/2024\/04\/35-1024x696.jpg\" alt=\"\" class=\"wp-image-1401 size-full\" srcset=\"https:\/\/intermareshall.com.br\/site\/wp-content\/uploads\/2024\/04\/35-1024x696.jpg 1024w, https:\/\/intermareshall.com.br\/site\/wp-content\/uploads\/2024\/04\/35-300x204.jpg 300w, https:\/\/intermareshall.com.br\/site\/wp-content\/uploads\/2024\/04\/35-768x522.jpg 768w, https:\/\/intermareshall.com.br\/site\/wp-content\/uploads\/2024\/04\/35-1536x1044.jpg 1536w, https:\/\/intermareshall.com.br\/site\/wp-content\/uploads\/2024\/04\/35-2048x1391.jpg 2048w, https:\/\/intermareshall.com.br\/site\/wp-content\/uploads\/2024\/04\/35-147x100.jpg 147w\" sizes=\"auto, (max-width: 1024px) 100vw, 1024px\" \/><\/figure><div class=\"wp-block-media-text__content\">\n<p>O Intermares Hall possui 4 miniaudit\u00f3rios (2 est\u00e3o localizados no primeiro piso e 2 no segundo piso). Todos tem capacidade para at\u00e9 100 pessoas e possuem toda estrutura necess\u00e1ria, como mesa, projetor e microfone para realiza\u00e7\u00e3o de reuni\u00f5es, workshops, oficinas e cursos. <\/p>\n\n\n\n<p>H\u00e1 ainda uma \u00e1rea para realiza\u00e7\u00e3o de coffee-breaks. <\/p>\n<\/div><\/div>\n\n\n\n<p><\/p>\n\n\n\n<p><\/p>\n\n\n\n<p>Veja abaixo, algumas fotos dos nossos miniaudit\u00f3rios:<\/p>\n\n\n\n<p><\/p>\n\n\n\n<figure class=\"wp-block-gallery has-nested-images columns-default is-cropped wp-block-gallery-1 is-layout-flex wp-block-gallery-is-layout-flex\">\n<figure class=\"wp-block-image size-large\"><a href=\"http:\/\/intermareshall.com.br\/site\/wp-content\/uploads\/2024\/04\/41-scaled.jpg\"><img loading=\"lazy\" decoding=\"async\" width=\"1024\" height=\"683\" data-id=\"1404\" src=\"http:\/\/intermareshall.com.br\/site\/wp-content\/uploads\/2024\/04\/41-1024x683.jpg\" alt=\"\" class=\"wp-image-1404\" srcset=\"https:\/\/intermareshall.com.br\/site\/wp-content\/uploads\/2024\/04\/41-1024x683.jpg 1024w, https:\/\/intermareshall.com.br\/site\/wp-content\/uploads\/2024\/04\/41-300x200.jpg 300w, https:\/\/intermareshall.com.br\/site\/wp-content\/uploads\/2024\/04\/41-768x512.jpg 768w, https:\/\/intermareshall.com.br\/site\/wp-content\/uploads\/2024\/04\/41-1536x1024.jpg 1536w, https:\/\/intermareshall.com.br\/site\/wp-content\/uploads\/2024\/04\/41-2048x1365.jpg 2048w, https:\/\/intermareshall.com.br\/site\/wp-content\/uploads\/2024\/04\/41-150x100.jpg 150w\" sizes=\"auto, (max-width: 1024px) 100vw, 1024px\" \/><\/a><\/figure>\n\n\n\n<figure class=\"wp-block-image size-large\"><a href=\"http:\/\/intermareshall.com.br\/site\/wp-content\/uploads\/2022\/03\/20220321_181127-scaled.jpg\"><img loading=\"lazy\" decoding=\"async\" width=\"1024\" height=\"770\" data-id=\"614\" src=\"http:\/\/intermareshall.com.br\/site\/wp-content\/uploads\/2022\/03\/20220321_181127-1024x770.jpg\" alt=\"\" class=\"wp-image-614\" srcset=\"https:\/\/intermareshall.com.br\/site\/wp-content\/uploads\/2022\/03\/20220321_181127-1024x770.jpg 1024w, https:\/\/intermareshall.com.br\/site\/wp-content\/uploads\/2022\/03\/20220321_181127-300x226.jpg 300w, https:\/\/intermareshall.com.br\/site\/wp-content\/uploads\/2022\/03\/20220321_181127-768x577.jpg 768w, https:\/\/intermareshall.com.br\/site\/wp-content\/uploads\/2022\/03\/20220321_181127-1536x1155.jpg 1536w, https:\/\/intermareshall.com.br\/site\/wp-content\/uploads\/2022\/03\/20220321_181127-2048x1540.jpg 2048w, https:\/\/intermareshall.com.br\/site\/wp-content\/uploads\/2022\/03\/20220321_181127-133x100.jpg 133w, https:\/\/intermareshall.com.br\/site\/wp-content\/uploads\/2022\/03\/20220321_181127-1022x768.jpg 1022w, https:\/\/intermareshall.com.br\/site\/wp-content\/uploads\/2022\/03\/20220321_181127-600x451.jpg 600w\" sizes=\"auto, (max-width: 1024px) 100vw, 1024px\" \/><\/a><\/figure>\n<\/figure>\n\n\n\n<p><\/p>\n\n\n\n<p><\/p>\n\n\n\n<p><\/p>\n","protected":false},"excerpt":{"rendered":"<p>O Intermares Hall possui 4 miniaudit\u00f3rios (2 est\u00e3o localizados no primeiro piso e 2 no segundo piso). Todos tem capacidade para at\u00e9 100 pessoas e possuem toda estrutura necess\u00e1ria, como mesa, projetor e microfone para realiza\u00e7\u00e3o de reuni\u00f5es, workshops, oficinas e cursos. H\u00e1 ainda uma \u00e1rea para realiza\u00e7\u00e3o de coffee-breaks. Veja abaixo, algumas fotos dos [&hellip;]<\/p>\n","protected":false},"author":2,"featured_media":0,"parent":0,"menu_order":0,"comment_status":"closed","ping_status":"closed","template":"","meta":{"footnotes":""},"class_list":["post-535","page","type-page","status-publish","hentry",""],"_links":{"self":[{"href":"https:\/\/intermareshall.com.br\/site\/index.php\/wp-json\/wp\/v2\/pages\/535","targetHints":{"allow":["GET"]}}],"collection":[{"href":"https:\/\/intermareshall.com.br\/site\/index.php\/wp-json\/wp\/v2\/pages"}],"about":[{"href":"https:\/\/intermareshall.com.br\/site\/index.php\/wp-json\/wp\/v2\/types\/page"}],"author":[{"embeddable":true,"href":"https:\/\/intermareshall.com.br\/site\/index.php\/wp-json\/wp\/v2\/users\/2"}],"replies":[{"embeddable":true,"href":"https:\/\/intermareshall.com.br\/site\/index.php\/wp-json\/wp\/v2\/comments?post=535"}],"version-history":[{"count":7,"href":"https:\/\/intermareshall.com.br\/site\/index.php\/wp-json\/wp\/v2\/pages\/535\/revisions"}],"predecessor-version":[{"id":1470,"href":"https:\/\/intermareshall.com.br\/site\/index.php\/wp-json\/wp\/v2\/pages\/535\/revisions\/1470"}],"wp:attachment":[{"href":"https:\/\/intermareshall.com.br\/site\/index.php\/wp-json\/wp\/v2\/media?parent=535"}],"curies":[{"name":"wp","href":"https:\/\/api.w.org\/{rel}","templated":true}]}}