{"id":503,"date":"2022-03-14T15:09:01","date_gmt":"2022-03-14T18:09:01","guid":{"rendered":"http:\/\/intermareshall.com.br\/site\/?page_id=503"},"modified":"2024-10-10T09:22:28","modified_gmt":"2024-10-10T12:22:28","slug":"camarins","status":"publish","type":"page","link":"https:\/\/intermareshall.com.br\/site\/index.php\/camarins\/","title":{"rendered":"Camarins e lounges"},"content":{"rendered":"\n<p>O Intermares Hall disp\u00f5e de 4 camarins, todos equipados com:<\/p>\n\n\n\n<ul class=\"wp-block-list\">\n<li> Sof\u00e1s<\/li>\n\n\n\n<li>Cadeiras<\/li>\n\n\n\n<li>Araras<\/li>\n\n\n\n<li>Mesa de centro<\/li>\n\n\n\n<li>Bancada em madeira<\/li>\n\n\n\n<li>Frigobar e cafeteira<\/li>\n<\/ul>\n\n\n\n<p>Al\u00e9m dos camarins, o Centro Cultural possui lounges, com poltronas e sof\u00e1s.<\/p>\n\n\n\n<figure class=\"wp-block-gallery has-nested-images columns-default is-cropped wp-block-gallery-1 is-layout-flex wp-block-gallery-is-layout-flex\">\n<figure class=\"wp-block-image size-large\"><a href=\"http:\/\/intermareshall.com.br\/site\/wp-content\/uploads\/2022\/03\/Camarim-01-3.png\"><img loading=\"lazy\" decoding=\"async\" width=\"1024\" height=\"540\" data-id=\"511\" src=\"http:\/\/intermareshall.com.br\/site\/wp-content\/uploads\/2022\/03\/Camarim-01-3-1024x540.png\" alt=\"\" class=\"wp-image-511\" srcset=\"https:\/\/intermareshall.com.br\/site\/wp-content\/uploads\/2022\/03\/Camarim-01-3-1024x540.png 1024w, https:\/\/intermareshall.com.br\/site\/wp-content\/uploads\/2022\/03\/Camarim-01-3-300x158.png 300w, https:\/\/intermareshall.com.br\/site\/wp-content\/uploads\/2022\/03\/Camarim-01-3-768x405.png 768w, https:\/\/intermareshall.com.br\/site\/wp-content\/uploads\/2022\/03\/Camarim-01-3-1536x810.png 1536w, https:\/\/intermareshall.com.br\/site\/wp-content\/uploads\/2022\/03\/Camarim-01-3-2048x1080.png 2048w, https:\/\/intermareshall.com.br\/site\/wp-content\/uploads\/2022\/03\/Camarim-01-3-190x100.png 190w, https:\/\/intermareshall.com.br\/site\/wp-content\/uploads\/2022\/03\/Camarim-01-3-600x316.png 600w\" sizes=\"auto, (max-width: 1024px) 100vw, 1024px\" \/><\/a><\/figure>\n\n\n\n<figure class=\"wp-block-image size-large\"><a href=\"http:\/\/intermareshall.com.br\/site\/wp-content\/uploads\/2022\/03\/Camarim-03.png\"><img loading=\"lazy\" decoding=\"async\" width=\"1024\" height=\"540\" data-id=\"513\" src=\"http:\/\/intermareshall.com.br\/site\/wp-content\/uploads\/2022\/03\/Camarim-03-1024x540.png\" alt=\"\" class=\"wp-image-513\" srcset=\"https:\/\/intermareshall.com.br\/site\/wp-content\/uploads\/2022\/03\/Camarim-03-1024x540.png 1024w, https:\/\/intermareshall.com.br\/site\/wp-content\/uploads\/2022\/03\/Camarim-03-300x158.png 300w, https:\/\/intermareshall.com.br\/site\/wp-content\/uploads\/2022\/03\/Camarim-03-768x405.png 768w, https:\/\/intermareshall.com.br\/site\/wp-content\/uploads\/2022\/03\/Camarim-03-1536x810.png 1536w, https:\/\/intermareshall.com.br\/site\/wp-content\/uploads\/2022\/03\/Camarim-03-2048x1080.png 2048w, https:\/\/intermareshall.com.br\/site\/wp-content\/uploads\/2022\/03\/Camarim-03-190x100.png 190w, https:\/\/intermareshall.com.br\/site\/wp-content\/uploads\/2022\/03\/Camarim-03-600x316.png 600w\" sizes=\"auto, (max-width: 1024px) 100vw, 1024px\" \/><\/a><\/figure>\n<\/figure>\n\n\n\n<figure class=\"wp-block-gallery has-nested-images columns-default is-cropped wp-block-gallery-2 is-layout-flex wp-block-gallery-is-layout-flex\"><\/figure>\n\n\n\n<p><\/p>\n","protected":false},"excerpt":{"rendered":"<p>O Intermares Hall disp\u00f5e de 4 camarins, todos equipados com: Al\u00e9m dos camarins, o Centro Cultural possui lounges, com poltronas e sof\u00e1s.<\/p>\n","protected":false},"author":2,"featured_media":0,"parent":0,"menu_order":0,"comment_status":"closed","ping_status":"closed","template":"","meta":{"footnotes":""},"class_list":["post-503","page","type-page","status-publish","hentry",""],"_links":{"self":[{"href":"https:\/\/intermareshall.com.br\/site\/index.php\/wp-json\/wp\/v2\/pages\/503","targetHints":{"allow":["GET"]}}],"collection":[{"href":"https:\/\/intermareshall.com.br\/site\/index.php\/wp-json\/wp\/v2\/pages"}],"about":[{"href":"https:\/\/intermareshall.com.br\/site\/index.php\/wp-json\/wp\/v2\/types\/page"}],"author":[{"embeddable":true,"href":"https:\/\/intermareshall.com.br\/site\/index.php\/wp-json\/wp\/v2\/users\/2"}],"replies":[{"embeddable":true,"href":"https:\/\/intermareshall.com.br\/site\/index.php\/wp-json\/wp\/v2\/comments?post=503"}],"version-history":[{"count":8,"href":"https:\/\/intermareshall.com.br\/site\/index.php\/wp-json\/wp\/v2\/pages\/503\/revisions"}],"predecessor-version":[{"id":1462,"href":"https:\/\/intermareshall.com.br\/site\/index.php\/wp-json\/wp\/v2\/pages\/503\/revisions\/1462"}],"wp:attachment":[{"href":"https:\/\/intermareshall.com.br\/site\/index.php\/wp-json\/wp\/v2\/media?parent=503"}],"curies":[{"name":"wp","href":"https:\/\/api.w.org\/{rel}","templated":true}]}}