{"id":399,"date":"2022-03-03T15:30:46","date_gmt":"2022-03-03T18:30:46","guid":{"rendered":"http:\/\/intermareshall.com.br\/site\/?page_id=399"},"modified":"2024-10-10T09:46:30","modified_gmt":"2024-10-10T12:46:30","slug":"sala-de-espetaculos-3","status":"publish","type":"page","link":"https:\/\/intermareshall.com.br\/site\/index.php\/sala-de-espetaculos-3\/","title":{"rendered":"Sala de Espet\u00e1culos"},"content":{"rendered":"\n<p>Na nossa sala de espet\u00e1culos, voc\u00ea decide quantas pessoas quer receber! <strong>Este espa\u00e7o vers\u00e1til pode facilmente ser transformado em um baile de formatura, um jantar especial ou um grande congresso.<\/strong><\/p>\n\n\n\n<p>Em sua capacidade m\u00e1xima, o local comporta cerca de 1.100 pessoas sentadas, distribu\u00eddas em tr\u00eas pavimentos:<strong> Plateia T\u00e9rreo ,Plateia Vip e Camarotes.<\/strong><\/p>\n\n\n\n<p>&#8211; Em estilo pista temos capacidade para 4.200 pessoas. <\/p>\n\n\n\n<p><\/p>\n\n\n\n<p><\/p>\n\n\n\n<p>Confira abaixo algumas fotos da nossa sala de espet\u00e1culos: <\/p>\n\n\n\n<figure class=\"wp-block-gallery has-nested-images columns-default is-cropped wp-block-gallery-1 is-layout-flex wp-block-gallery-is-layout-flex\">\n<figure class=\"wp-block-image size-large\"><img loading=\"lazy\" decoding=\"async\" width=\"1024\" height=\"683\" data-id=\"488\" src=\"http:\/\/intermareshall.com.br\/site\/wp-content\/uploads\/2022\/03\/Sala-de-espetaculos-2.png-1024x683.jpg\" alt=\"\" class=\"wp-image-488\" srcset=\"https:\/\/intermareshall.com.br\/site\/wp-content\/uploads\/2022\/03\/Sala-de-espetaculos-2.png-1024x683.jpg 1024w, https:\/\/intermareshall.com.br\/site\/wp-content\/uploads\/2022\/03\/Sala-de-espetaculos-2.png-300x200.jpg 300w, https:\/\/intermareshall.com.br\/site\/wp-content\/uploads\/2022\/03\/Sala-de-espetaculos-2.png-768x512.jpg 768w, https:\/\/intermareshall.com.br\/site\/wp-content\/uploads\/2022\/03\/Sala-de-espetaculos-2.png-1536x1024.jpg 1536w, https:\/\/intermareshall.com.br\/site\/wp-content\/uploads\/2022\/03\/Sala-de-espetaculos-2.png-2048x1365.jpg 2048w, https:\/\/intermareshall.com.br\/site\/wp-content\/uploads\/2022\/03\/Sala-de-espetaculos-2.png-150x100.jpg 150w, https:\/\/intermareshall.com.br\/site\/wp-content\/uploads\/2022\/03\/Sala-de-espetaculos-2.png-600x400.jpg 600w\" sizes=\"auto, (max-width: 1024px) 100vw, 1024px\" \/><\/figure>\n\n\n\n<figure class=\"wp-block-image size-large\"><img loading=\"lazy\" decoding=\"async\" width=\"1024\" height=\"683\" data-id=\"493\" src=\"http:\/\/intermareshall.com.br\/site\/wp-content\/uploads\/2022\/03\/Sala-de-espetaculos-6.png-1024x683.jpg\" alt=\"\" class=\"wp-image-493\" srcset=\"https:\/\/intermareshall.com.br\/site\/wp-content\/uploads\/2022\/03\/Sala-de-espetaculos-6.png-1024x683.jpg 1024w, https:\/\/intermareshall.com.br\/site\/wp-content\/uploads\/2022\/03\/Sala-de-espetaculos-6.png-300x200.jpg 300w, https:\/\/intermareshall.com.br\/site\/wp-content\/uploads\/2022\/03\/Sala-de-espetaculos-6.png-768x512.jpg 768w, https:\/\/intermareshall.com.br\/site\/wp-content\/uploads\/2022\/03\/Sala-de-espetaculos-6.png-1536x1024.jpg 1536w, https:\/\/intermareshall.com.br\/site\/wp-content\/uploads\/2022\/03\/Sala-de-espetaculos-6.png-2048x1365.jpg 2048w, https:\/\/intermareshall.com.br\/site\/wp-content\/uploads\/2022\/03\/Sala-de-espetaculos-6.png-150x100.jpg 150w, https:\/\/intermareshall.com.br\/site\/wp-content\/uploads\/2022\/03\/Sala-de-espetaculos-6.png-600x400.jpg 600w\" sizes=\"auto, (max-width: 1024px) 100vw, 1024px\" \/><\/figure>\n\n\n\n<figure class=\"wp-block-image size-large\"><img loading=\"lazy\" decoding=\"async\" width=\"1024\" height=\"683\" data-id=\"492\" src=\"http:\/\/intermareshall.com.br\/site\/wp-content\/uploads\/2022\/03\/Sala-de-espetaculos-5.png-1024x683.jpg\" alt=\"\" class=\"wp-image-492\" srcset=\"https:\/\/intermareshall.com.br\/site\/wp-content\/uploads\/2022\/03\/Sala-de-espetaculos-5.png-1024x683.jpg 1024w, https:\/\/intermareshall.com.br\/site\/wp-content\/uploads\/2022\/03\/Sala-de-espetaculos-5.png-300x200.jpg 300w, https:\/\/intermareshall.com.br\/site\/wp-content\/uploads\/2022\/03\/Sala-de-espetaculos-5.png-768x512.jpg 768w, https:\/\/intermareshall.com.br\/site\/wp-content\/uploads\/2022\/03\/Sala-de-espetaculos-5.png-1536x1024.jpg 1536w, https:\/\/intermareshall.com.br\/site\/wp-content\/uploads\/2022\/03\/Sala-de-espetaculos-5.png-2048x1365.jpg 2048w, https:\/\/intermareshall.com.br\/site\/wp-content\/uploads\/2022\/03\/Sala-de-espetaculos-5.png-150x100.jpg 150w, https:\/\/intermareshall.com.br\/site\/wp-content\/uploads\/2022\/03\/Sala-de-espetaculos-5.png-600x400.jpg 600w\" sizes=\"auto, (max-width: 1024px) 100vw, 1024px\" \/><\/figure>\n\n\n\n<figure class=\"wp-block-image size-large\"><img loading=\"lazy\" decoding=\"async\" width=\"1024\" height=\"683\" data-id=\"491\" src=\"http:\/\/intermareshall.com.br\/site\/wp-content\/uploads\/2022\/03\/Sala-de-espetaculos-4.png-1024x683.jpg\" alt=\"\" class=\"wp-image-491\" srcset=\"https:\/\/intermareshall.com.br\/site\/wp-content\/uploads\/2022\/03\/Sala-de-espetaculos-4.png-1024x683.jpg 1024w, https:\/\/intermareshall.com.br\/site\/wp-content\/uploads\/2022\/03\/Sala-de-espetaculos-4.png-300x200.jpg 300w, https:\/\/intermareshall.com.br\/site\/wp-content\/uploads\/2022\/03\/Sala-de-espetaculos-4.png-768x512.jpg 768w, https:\/\/intermareshall.com.br\/site\/wp-content\/uploads\/2022\/03\/Sala-de-espetaculos-4.png-1536x1024.jpg 1536w, https:\/\/intermareshall.com.br\/site\/wp-content\/uploads\/2022\/03\/Sala-de-espetaculos-4.png-2048x1365.jpg 2048w, https:\/\/intermareshall.com.br\/site\/wp-content\/uploads\/2022\/03\/Sala-de-espetaculos-4.png-150x100.jpg 150w, https:\/\/intermareshall.com.br\/site\/wp-content\/uploads\/2022\/03\/Sala-de-espetaculos-4.png-600x400.jpg 600w\" sizes=\"auto, (max-width: 1024px) 100vw, 1024px\" \/><\/figure>\n\n\n\n<figure class=\"wp-block-image size-large\"><img loading=\"lazy\" decoding=\"async\" width=\"1024\" height=\"683\" data-id=\"490\" src=\"http:\/\/intermareshall.com.br\/site\/wp-content\/uploads\/2022\/03\/Sala-de-espetaculos-1.png-1024x683.jpg\" alt=\"\" class=\"wp-image-490\" srcset=\"https:\/\/intermareshall.com.br\/site\/wp-content\/uploads\/2022\/03\/Sala-de-espetaculos-1.png-1024x683.jpg 1024w, https:\/\/intermareshall.com.br\/site\/wp-content\/uploads\/2022\/03\/Sala-de-espetaculos-1.png-300x200.jpg 300w, https:\/\/intermareshall.com.br\/site\/wp-content\/uploads\/2022\/03\/Sala-de-espetaculos-1.png-768x512.jpg 768w, https:\/\/intermareshall.com.br\/site\/wp-content\/uploads\/2022\/03\/Sala-de-espetaculos-1.png-1536x1024.jpg 1536w, https:\/\/intermareshall.com.br\/site\/wp-content\/uploads\/2022\/03\/Sala-de-espetaculos-1.png-2048x1365.jpg 2048w, https:\/\/intermareshall.com.br\/site\/wp-content\/uploads\/2022\/03\/Sala-de-espetaculos-1.png-150x100.jpg 150w, https:\/\/intermareshall.com.br\/site\/wp-content\/uploads\/2022\/03\/Sala-de-espetaculos-1.png-600x400.jpg 600w\" sizes=\"auto, (max-width: 1024px) 100vw, 1024px\" \/><\/figure>\n\n\n\n<figure class=\"wp-block-image size-large\"><img loading=\"lazy\" decoding=\"async\" width=\"1024\" height=\"683\" data-id=\"489\" src=\"http:\/\/intermareshall.com.br\/site\/wp-content\/uploads\/2022\/03\/Sala-de-espetaculos-3.png-1024x683.jpg\" alt=\"\" class=\"wp-image-489\" srcset=\"https:\/\/intermareshall.com.br\/site\/wp-content\/uploads\/2022\/03\/Sala-de-espetaculos-3.png-1024x683.jpg 1024w, https:\/\/intermareshall.com.br\/site\/wp-content\/uploads\/2022\/03\/Sala-de-espetaculos-3.png-300x200.jpg 300w, https:\/\/intermareshall.com.br\/site\/wp-content\/uploads\/2022\/03\/Sala-de-espetaculos-3.png-768x512.jpg 768w, https:\/\/intermareshall.com.br\/site\/wp-content\/uploads\/2022\/03\/Sala-de-espetaculos-3.png-1536x1024.jpg 1536w, https:\/\/intermareshall.com.br\/site\/wp-content\/uploads\/2022\/03\/Sala-de-espetaculos-3.png-2048x1365.jpg 2048w, https:\/\/intermareshall.com.br\/site\/wp-content\/uploads\/2022\/03\/Sala-de-espetaculos-3.png-150x100.jpg 150w, https:\/\/intermareshall.com.br\/site\/wp-content\/uploads\/2022\/03\/Sala-de-espetaculos-3.png-600x400.jpg 600w\" sizes=\"auto, (max-width: 1024px) 100vw, 1024px\" \/><\/figure>\n\n\n\n<figure class=\"wp-block-image size-large\"><img loading=\"lazy\" decoding=\"async\" width=\"1024\" height=\"576\" data-id=\"901\" src=\"http:\/\/intermareshall.com.br\/site\/wp-content\/uploads\/2022\/09\/Camarote-1-1024x576.jpg\" alt=\"\" class=\"wp-image-901\" srcset=\"https:\/\/intermareshall.com.br\/site\/wp-content\/uploads\/2022\/09\/Camarote-1-1024x576.jpg 1024w, https:\/\/intermareshall.com.br\/site\/wp-content\/uploads\/2022\/09\/Camarote-1-300x169.jpg 300w, https:\/\/intermareshall.com.br\/site\/wp-content\/uploads\/2022\/09\/Camarote-1-768x432.jpg 768w, https:\/\/intermareshall.com.br\/site\/wp-content\/uploads\/2022\/09\/Camarote-1-1536x865.jpg 1536w, https:\/\/intermareshall.com.br\/site\/wp-content\/uploads\/2022\/09\/Camarote-1-2048x1153.jpg 2048w, https:\/\/intermareshall.com.br\/site\/wp-content\/uploads\/2022\/09\/Camarote-1-178x100.jpg 178w, https:\/\/intermareshall.com.br\/site\/wp-content\/uploads\/2022\/09\/Camarote-1-600x338.jpg 600w\" sizes=\"auto, (max-width: 1024px) 100vw, 1024px\" \/><\/figure>\n\n\n\n<figure class=\"wp-block-image size-large\"><img loading=\"lazy\" decoding=\"async\" width=\"1024\" height=\"576\" data-id=\"900\" src=\"http:\/\/intermareshall.com.br\/site\/wp-content\/uploads\/2022\/09\/Plateia-vip-1-1024x576.jpg\" alt=\"\" class=\"wp-image-900\" srcset=\"https:\/\/intermareshall.com.br\/site\/wp-content\/uploads\/2022\/09\/Plateia-vip-1-1024x576.jpg 1024w, https:\/\/intermareshall.com.br\/site\/wp-content\/uploads\/2022\/09\/Plateia-vip-1-300x169.jpg 300w, https:\/\/intermareshall.com.br\/site\/wp-content\/uploads\/2022\/09\/Plateia-vip-1-768x432.jpg 768w, https:\/\/intermareshall.com.br\/site\/wp-content\/uploads\/2022\/09\/Plateia-vip-1-1536x865.jpg 1536w, https:\/\/intermareshall.com.br\/site\/wp-content\/uploads\/2022\/09\/Plateia-vip-1-2048x1153.jpg 2048w, https:\/\/intermareshall.com.br\/site\/wp-content\/uploads\/2022\/09\/Plateia-vip-1-178x100.jpg 178w, https:\/\/intermareshall.com.br\/site\/wp-content\/uploads\/2022\/09\/Plateia-vip-1-600x338.jpg 600w\" sizes=\"auto, (max-width: 1024px) 100vw, 1024px\" \/><\/figure>\n\n\n\n<figure class=\"wp-block-image size-large\"><img loading=\"lazy\" decoding=\"async\" width=\"1024\" height=\"683\" data-id=\"904\" src=\"http:\/\/intermareshall.com.br\/site\/wp-content\/uploads\/2022\/09\/5-1-1024x683.jpg\" alt=\"\" class=\"wp-image-904\" srcset=\"https:\/\/intermareshall.com.br\/site\/wp-content\/uploads\/2022\/09\/5-1-1024x683.jpg 1024w, https:\/\/intermareshall.com.br\/site\/wp-content\/uploads\/2022\/09\/5-1-300x200.jpg 300w, https:\/\/intermareshall.com.br\/site\/wp-content\/uploads\/2022\/09\/5-1-768x512.jpg 768w, https:\/\/intermareshall.com.br\/site\/wp-content\/uploads\/2022\/09\/5-1-1536x1024.jpg 1536w, https:\/\/intermareshall.com.br\/site\/wp-content\/uploads\/2022\/09\/5-1-2048x1365.jpg 2048w, https:\/\/intermareshall.com.br\/site\/wp-content\/uploads\/2022\/09\/5-1-150x100.jpg 150w, https:\/\/intermareshall.com.br\/site\/wp-content\/uploads\/2022\/09\/5-1-600x400.jpg 600w\" sizes=\"auto, (max-width: 1024px) 100vw, 1024px\" \/><\/figure>\n<\/figure>\n\n\n\n<p><\/p>\n\n\n\n<p><\/p>\n","protected":false},"excerpt":{"rendered":"<p>Na nossa sala de espet\u00e1culos, voc\u00ea decide quantas pessoas quer receber! Este espa\u00e7o vers\u00e1til pode facilmente ser transformado em um baile de formatura, um jantar especial ou um grande congresso. Em sua capacidade m\u00e1xima, o local comporta cerca de 1.100 pessoas sentadas, distribu\u00eddas em tr\u00eas pavimentos: Plateia T\u00e9rreo ,Plateia Vip e Camarotes. &#8211; Em estilo [&hellip;]<\/p>\n","protected":false},"author":2,"featured_media":0,"parent":0,"menu_order":0,"comment_status":"closed","ping_status":"closed","template":"","meta":{"footnotes":""},"class_list":["post-399","page","type-page","status-publish","hentry",""],"_links":{"self":[{"href":"https:\/\/intermareshall.com.br\/site\/index.php\/wp-json\/wp\/v2\/pages\/399","targetHints":{"allow":["GET"]}}],"collection":[{"href":"https:\/\/intermareshall.com.br\/site\/index.php\/wp-json\/wp\/v2\/pages"}],"about":[{"href":"https:\/\/intermareshall.com.br\/site\/index.php\/wp-json\/wp\/v2\/types\/page"}],"author":[{"embeddable":true,"href":"https:\/\/intermareshall.com.br\/site\/index.php\/wp-json\/wp\/v2\/users\/2"}],"replies":[{"embeddable":true,"href":"https:\/\/intermareshall.com.br\/site\/index.php\/wp-json\/wp\/v2\/comments?post=399"}],"version-history":[{"count":9,"href":"https:\/\/intermareshall.com.br\/site\/index.php\/wp-json\/wp\/v2\/pages\/399\/revisions"}],"predecessor-version":[{"id":1471,"href":"https:\/\/intermareshall.com.br\/site\/index.php\/wp-json\/wp\/v2\/pages\/399\/revisions\/1471"}],"wp:attachment":[{"href":"https:\/\/intermareshall.com.br\/site\/index.php\/wp-json\/wp\/v2\/media?parent=399"}],"curies":[{"name":"wp","href":"https:\/\/api.w.org\/{rel}","templated":true}]}}