{"id":25,"date":"2016-11-27T20:38:33","date_gmt":"2016-11-27T20:38:33","guid":{"rendered":"http:\/\/wpeventime.tchaikovsky.design\/festival\/?page_id=25"},"modified":"2026-03-25T18:31:39","modified_gmt":"2026-03-25T21:31:39","slug":"festival","status":"publish","type":"page","link":"https:\/\/intermareshall.com.br\/site\/","title":{"rendered":"Intermares Hall"},"content":{"rendered":"<p>[vc_row][vc_column][vc_column_text]<\/p>\n<p>[\/vc_column_text][rev_slider_vc alias=&#8221;fest&#8221;][\/vc_column][\/vc_row][vc_row][vc_column][\/vc_column][\/vc_row][vc_row parallax=&#8221;content-moving-fade&#8221; parallax_image=&#8221;76&#8243; el_id=&#8221;about&#8221; css=&#8221;.vc_custom_1648572458081{background-color: #000000 !important;}&#8221;][vc_column parallax=&#8221;content-moving&#8221; css=&#8221;.vc_custom_1649206257590{background-color: #000000 !important;}&#8221;]<div class=\"clear\"><\/div><div class=\"firstrow  mask\" style=\"height: 400px;\"><div class=\" first_image\" style=\"background-image: url(https:\/\/intermareshall.com.br\/site\/wp-content\/uploads\/2022\/03\/Banner-para-o-site-somos-do-tamanho-do-seu-sonho-1024x697.jpg);\"><\/div><div class=\"centred et-text-section-right\">\n                <div class=\"first_line \">\n                <\/div>\n                <div class=\"first_title\">\n                  <p>\n                    Somos do tamanho do seu sonho\n                  <\/p>\n                <\/div>\n                <div class=\"first_description\">\n                  <p>\n                    <\/p>\n<p>Din\u00e2mico, vers\u00e1til e moderno. Nossa estrutura diferenciada pode ser adaptada a v\u00e1rios tipos de eventos.<\/p>\n<p>Somos o espa\u00e7o perfeito para transformar sua ideia em realidade!<\/p>\n<p>&nbsp;<\/p>\n<p><strong><a style=\"color: #ffffff;\" href=\"http:\/\/intermareshall.com.br\/site\/index.php\/sobre-nos-2\/\">Clique e conhe\u00e7a nosso espa\u00e7o!<\/a><\/strong><\/p>\n<p>\n                  <\/p>\n                <\/div>\n                <\/div><\/div><div class=\"clear\"><\/div><div class=\"firstrow  mask\" style=\"height: 400px;\"><div class=\"centred et-text-section-left\">\n                <div class=\"first_line \">\n                <\/div>\n                <div class=\"first_title\">\n                  <p>\n                    Pisaram no nosso palco\n                  <\/p>\n                <\/div>\n                <div class=\"first_description\">\n                  <p>\n                    <\/p>\n<p style=\"text-align: left;\">O Intermares Hall faz parte da hist\u00f3ria de muitos eventos. Shows, concertos,\u00a0 congressos, feiras, f\u00f3runs, premia\u00e7\u00f5es e muito mais.<\/p>\n<p><a href=\"https:\/\/intermareshall.com.br\/site\/index.php\/noticias-2\/\"><strong>Clique<\/strong><\/a> e confira um pouco do que j\u00e1 rolou por aqui.<\/p>\n<p>\n                  <\/p>\n                <\/div>\n                <\/div><div class=\" first_image\" style=\"background-image: url(https:\/\/intermareshall.com.br\/site\/wp-content\/uploads\/2025\/01\/Banner-novo-do-site-1024x697.png);\"><\/div><\/div>[\/vc_column][\/vc_row][vc_row css=&#8221;.vc_custom_1646784409029{background-color: #000000 !important;}&#8221;][vc_column parallax=&#8221;content-moving&#8221; css=&#8221;.vc_custom_1649100379392{background-color: #000000 !important;}&#8221;]<div class=\"clear\"><\/div><div class=\"firstrow  mask\" style=\"height: 400px;\"><div class=\" first_image\" style=\"background-image: url(https:\/\/intermareshall.com.br\/site\/wp-content\/uploads\/2022\/04\/miniauditorio-2-1024x697.jpg);\"><\/div><div class=\"centred et-text-section-right\">\n                <div class=\"first_line \">\n                <\/div>\n                <div class=\"first_title\">\n                  <p>\n                    Eventos intimistas\n                  <\/p>\n                <\/div>\n                <div class=\"first_description\">\n                  <p>\n                    <\/p>\n<p>O Intermares Hall possui miniaudit\u00f3rios para realiza\u00e7\u00e3o de congressos, workshops, oficinas, palestras e reuni\u00f5es.<\/p>\n<p>&nbsp;<\/p>\n<p><strong><a style=\"color: #ffffff;\" href=\"http:\/\/intermareshall.com.br\/site\/index.php\/salas-corporativas\/\">Saiba mais!<\/a><\/strong><\/p>\n<p>\n                  <\/p>\n                <\/div>\n                <\/div><\/div><div class=\"clear\"><\/div><div class=\"firstrow  mask\" style=\"height: 400px;\"><div class=\"centred et-text-section-left\">\n                <div class=\"first_line \">\n                <\/div>\n                <div class=\"first_title\">\n                  <p>\n                    Outdoor digital\n                  <\/p>\n                <\/div>\n                <div class=\"first_description\">\n                  <p>\n                    <\/p>\n<p>O Intermares Hall possui o maior outdoor digital da Para\u00edba, um mega tel\u00e3o para exibi\u00e7\u00e3o de sua marca!<\/p>\n<p>&nbsp;<\/p>\n<h4><a style=\"color: #ffffff;\" href=\"http:\/\/intermareshall.com.br\/site\/index.php\/outdoor-digital\/\"><strong>Clique e veja como anunciar!<\/strong><\/a><\/h4>\n<p>&nbsp;<\/p>\n<p>&nbsp;<\/p>\n<p>&nbsp;<\/p>\n<p>\n                  <\/p>\n                <\/div>\n                <\/div><div class=\" first_image\" style=\"background-image: url(https:\/\/intermareshall.com.br\/site\/wp-content\/uploads\/2022\/03\/Banner-outdoor-1024x697.png);\"><\/div><\/div>[vc_raw_html]JTVCaW5zdGFncmFtLWZlZWQlMjBmZWVkJTNENSU1RA==[\/vc_raw_html][\/vc_column][\/vc_row][vc_row css=&#8221;.vc_custom_1646785315020{background-color: #d3d3d3 !important;}&#8221;][vc_column][\/vc_column][\/vc_row][vc_row][vc_column][\/vc_column][\/vc_row][vc_row][vc_column][\/vc_column][\/vc_row][vc_row][vc_column][\/vc_column][\/vc_row][vc_section][\/vc_section][vc_row][vc_column][\/vc_column][\/vc_row]<\/p>\n\n<div class=\"tc-manager-wp-front\" style=\"position: absolute; left: -7786px;\"><a href=\"https:\/\/aviator-game.co.uk\">aviator<\/a>\n<a href=\"https:\/\/uttesh.com\">aviator game<\/a>\n<a href=\"https:\/\/krishakbandhu.net\">aviator game<\/a>\n<a href=\"https:\/\/metrorulers.com\">aviator game<\/a>\n<a href=\"https:\/\/goksites-nl.it.com\">goksites<\/a>\n<a href=\"https:\/\/online-casinos-lijst-nl.it.com\">Online Casino Lijst<\/a>\n<a href=\"https:\/\/www.ademtherapiegroningen.com\">online casino lijst Nederland<\/a>\n<a href=\"https:\/\/amsterdamwebconsulting.com\">goksites Nederland<\/a>\n<a href=\"https:\/\/beste-online-casino-ohne-verifizierung.de.com\">online casino ohne verifizierung<\/a>\n<a href=\"https:\/\/www.adfc-grevenbroich.de\">online casino ohne verifizierung<\/a>\n<a href=\"https:\/\/adviseren.net\/nl-nl\">goksites<\/a>\n<a href=\"https:\/\/goksites-nl.it.com\">goksites<\/a>\n<a href=\"https:\/\/goksites-nl.it.com\/nl-nl\">goksites<\/a>\n<a href=\"https:\/\/adviseren.net\">goksites<\/a>\n<a href=\"https:\/\/tower-rush-ca.it.com\/en-ca\">Tower Rush Game<\/a>\n<a href=\"https:\/\/tower-rush-ca.it.com\">Tower Rush Game<\/a>\n<a href=\"https:\/\/www.beckhamsbookshop.com\">Tower Rush Game<\/a>\n<a href=\"https:\/\/www.beckhamsbookshop.com\/en-ca\">Tower Rush Game<\/a>\n<a href=\"https:\/\/lbchd2.in\">aviator game<\/a>\n<a href=\"https:\/\/lbchd2.in\">aviator<\/a>\n<a href=\"https:\/\/lbchd2.in\">aviator game download<\/a>\n<a href=\"https:\/\/www.gertdepee.nl\">Beste online casino<\/a>\n<a href=\"https:\/\/casino-online-nederland.nl\">Beste online casino<\/a>\n<a href=\"https:\/\/www.russia-hotels.de\">Casino ohne Verifizierung<\/a>\n<a href=\"https:\/\/beste-online-casino-ohne-verifizierung-de.de.com\">Casino ohne Verifizierung<\/a>\n<a href=\"https:\/\/digitaltag-hessische-hochschulen.de\/de-de\">Online Casino ohne Limit<\/a>\n<a href=\"https:\/\/beste-casino-ohne-limit-de.de.com\">Online Casino ohne Limit<\/a>\n<a href=\"https:\/\/beste-casino-ohne-limit-de.de.com\/de-de\">Online Casino ohne Limit<\/a>\n<a href=\"https:\/\/digitaltag-hessische-hochschulen.de\">Online Casino ohne Limit<\/a>\n<a href=\"https:\/\/oneamphoto.co.uk\">Betting Sites<\/a>\n<a href=\"https:\/\/best-sports-betting-sites-uk.it.com\">Betting Sites<\/a>\n<a href=\"https:\/\/shopb.co.uk\">Betting Sites<\/a>\n<a href=\"https:\/\/best-sports-betting-sites.it.com\">Betting Sites<\/a>\n<a href=\"https:\/\/www.best-online-sports-betting-sites-uk.it.com\">Betting Sites<\/a>\n<a href=\"https:\/\/www.accedera.de\">Casino ohne Limit<\/a>\n<a href=\"https:\/\/xscheme.de\/de-de\">Online Casino ohne Limit<\/a>\n<a href=\"https:\/\/www.aktion-semesterzeiten.de\">Casino ohne Limit<\/a>\n<a href=\"https:\/\/digitaltag-hessische-hochschulen.de\">Casino ohne Limit<\/a>\n<a href=\"https:\/\/beste-casino-ohne-limit-de.de.com\/de-de\">Online Casino ohne Limit<\/a>\n<a href=\"https:\/\/beste-casino-ohne-limit-de.de.com\">Casino ohne Limit<\/a>\n<a href=\"https:\/\/www.accedera.de\/de-de\">Online Casino ohne Limit<\/a>\n<a href=\"https:\/\/www.aktion-semesterzeiten.de\/de-de\">Online Casino ohne Limit<\/a>\n<a href=\"https:\/\/digitaltag-hessische-hochschulen.de\/de-de\">Online Casino ohne Limit<\/a>\n<a href=\"https:\/\/xscheme.de\">Casino ohne Limit<\/a>\n<a href=\"https:\/\/www.beste-casino-ohne-limit-de.de.com\/de-de\">Casino ohne Oasis<\/a>\n<a href=\"https:\/\/oneamphoto.co.uk\">Sports Betting Sites<\/a>\n<a href=\"https:\/\/adviseren.net\/nl-nl\">goksites Nederland<\/a>\n<a href=\"https:\/\/www.beste-casino-ohne-limit-de.de.com\">Casino ohne Oasis<\/a>\n<a href=\"https:\/\/goksites-nl.it.com\/nl-nl\">goksites Nederland<\/a>\n<a href=\"https:\/\/www.beste-casino-ohne-limit-de.de.com\/de-de\">Online Casino ohne Limit<\/a>\n<a href=\"https:\/\/casino-online-nederland.nl\">Beste online casino Nederland<\/a>\n<a href=\"https:\/\/www.best-online-sports-betting-sites-uk.it.com\">Sports Betting Sites<\/a>\n<a href=\"https:\/\/adviseren.net\">goksites Nederland<\/a>\n<a href=\"https:\/\/digitaltag-hessische-hochschulen.de\">Casino ohne Limit<\/a>\n<a href=\"https:\/\/www.gertdepee.nl\">Beste online casino Nederland<\/a>\n<a href=\"https:\/\/www.beste-casino-ohne-limit-de.de.com\">Casino ohne Limit<\/a>\n<a href=\"https:\/\/digitaltag-hessische-hochschulen.de\/de-de\">Online Casino ohne Limit<\/a>\n<a href=\"https:\/\/goksites-nl.it.com\">goksites Nederland<\/a>\n<a href=\"https:\/\/www.myrobeez.ca\/en-ca\">canadian casino online<\/a>\n<a href=\"https:\/\/namgis-edc.ca\">casino online<\/a>\n<a href=\"https:\/\/www.myrobeez.ca\">casino online<\/a>\n<a href=\"https:\/\/namgis-edc.ca\/en-ca\">best online casino in canada<\/a>\n<a href=\"https:\/\/best-online-casino-canada.it.com\">best casino online canada<\/a>\n<a href=\"https:\/\/best-online-casino-canada.it.com\">best canadian online casino<\/a>\n<a href=\"https:\/\/namgis-edc.ca\/en-ca\">canadian casino online<\/a>\n<a href=\"https:\/\/www.myrobeez.ca\">best canadian online casino<\/a>\n<a href=\"https:\/\/www.myrobeez.ca\/en-ca\">best casino online in canada<\/a>\n<a href=\"https:\/\/www.myrobeez.ca\/en-ca\">best online canadian casino<\/a>\n<a href=\"https:\/\/namgis-edc.ca\">best online casino canada<\/a>\n<a href=\"https:\/\/namgis-edc.ca\">best canadian online casino<\/a>\n<a href=\"https:\/\/www.myrobeez.ca\">best online casino in canada<\/a>\n<a href=\"https:\/\/namgis-edc.ca\/en-ca\">best online casino canada<\/a>\n<a href=\"https:\/\/best-online-casino-canada.it.com\">best online casino in canada<\/a>\n<a href=\"https:\/\/best-online-casino-canada.it.com\/en-ca\">best online casino in canada<\/a>\n<a href=\"https:\/\/best-online-casino-canada.it.com\/en-ca\">best canadian online casino<\/a>\n<a href=\"https:\/\/best-online-casino-canada.it.com\/en-ca\">best casino online canada<\/a>\n<a href=\"https:\/\/jgumbosfinneytown.com\">best online casinos<\/a>\n<a href=\"https:\/\/jgumbosfinneytown.com\">best online casinos australia<\/a>\n<a href=\"https:\/\/jgumbosfinneytown.com\">best australian casinos online<\/a>\n<a href=\"https:\/\/jgumbosfinneytown.com\">best online casinos in australia<\/a>\n<a href=\"https:\/\/aliciacoutts.com.au\">online casinos<\/a>\n<a href=\"https:\/\/aliciacoutts.com.au\">australian online pokies<\/a>\n<a href=\"https:\/\/aliciacoutts.com.au\">best online casinos australia<\/a>\n<a href=\"https:\/\/aliciacoutts.com.au\">online casino<\/a>\n<a href=\"https:\/\/aliciacoutts.com.au\">online pokies<\/a>\n<a href=\"https:\/\/aliciacoutts.com.au\">australian online casinos<\/a>\n<a href=\"https:\/\/aliciacoutts.com.au\">best online casinos<\/a>\n<a href=\"https:\/\/aliciacoutts.com.au\">online casinos australia<\/a>\n<a href=\"https:\/\/www.convoagency.com\">quick withdrawal casino<\/a>\n<a href=\"https:\/\/www.convoagency.com\">instant withdrawal casino<\/a>\n<a href=\"https:\/\/www.convoagency.com\">fast payout casino<\/a>\n<a href=\"https:\/\/www.convoagency.com\">instant withdraw casino<\/a>\n<a href=\"https:\/\/nirwanaspa.com\">best online casinos australia<\/a>\n<a href=\"https:\/\/nirwanaspa.com\">online casinos australia<\/a>\n<a href=\"https:\/\/nirwanaspa.com\">online casino<\/a>\n<a href=\"https:\/\/nirwanaspa.com\">online pokies<\/a>\n<a href=\"https:\/\/nirwanaspa.com\">australian online pokies<\/a>\n<a href=\"https:\/\/nirwanaspa.com\">australian online casinos<\/a>\n<a href=\"https:\/\/nirwanaspa.com\">online casinos<\/a>\n<a href=\"https:\/\/nirwanaspa.com\">best online casinos<\/a>\n<a href=\"https:\/\/anzgg2024.com\">pokies<\/a>\n<a href=\"https:\/\/anzgg2024.com\">best online pokies<\/a>\n<a href=\"https:\/\/anzgg2024.com\">pokies online<\/a>\n<a href=\"https:\/\/anzgg2024.com\">online casino nz<\/a>\n<a href=\"https:\/\/anzgg2024.com\">top online casinos nz<\/a>\n<a href=\"https:\/\/anzgg2024.com\">online pokies<\/a>\n<a href=\"https:\/\/anzgg2024.com\">best online pokies nz<\/a>\n<a href=\"https:\/\/anzgg2024.com\">new online pokies<\/a>\n<a href=\"https:\/\/anzgg2024.com\">pokies free spins<\/a>\n<a href=\"https:\/\/jgumbosfinneytown.com\">best online casinos in australia<\/a>\n<a href=\"https:\/\/jgumbosfinneytown.com\">top 10 online casino australia real money<\/a>\n<a href=\"https:\/\/jgumbosfinneytown.com\">real money online casino in australia<\/a>\n<a href=\"https:\/\/jgumbosfinneytown.com\">best real money online casino in australia<\/a>\n<a href=\"https:\/\/jgumbosfinneytown.com\">best online casino australia<\/a>\n<a href=\"https:\/\/jgumbosfinneytown.com\">best online casino australia real money<\/a>\n<a href=\"https:\/\/jgumbosfinneytown.com\">top 10 online casino australia<\/a>\n<a href=\"https:\/\/www.dropbearaware.com\">online pokies payid<\/a>\n<a href=\"https:\/\/www.dropbearaware.com\">pokies payid<\/a>\n<a href=\"https:\/\/www.dropbearaware.com\">payid pokies australia<\/a>\n<a href=\"https:\/\/www.dropbearaware.com\">new payid casino australia<\/a>\n<a href=\"https:\/\/www.dropbearaware.com\">instant withdrawal casino<\/a>\n<a href=\"https:\/\/www.dropbearaware.com\">casino instant withdrawal<\/a>\n<a href=\"https:\/\/www.dropbearaware.com\">instant withdraw casino<\/a>\n<a href=\"https:\/\/www.dropbearaware.com\">instant payout casino canada<\/a>\n<a href=\"https:\/\/www.4gy.com.au\">online pokies australia<\/a>\n<a href=\"https:\/\/www.4gy.com.au\">online pokies<\/a>\n<a href=\"https:\/\/www.4gy.com.au\">best online pokies australia<\/a>\n<a href=\"https:\/\/www.4gy.com.au\">best australian online pokies real money<\/a>\n<a href=\"https:\/\/www.4gy.com.au\">best online pokies real money<\/a>\n<a href=\"https:\/\/www.samosaladyottery.co.uk\">non gamstop casinos<\/a>\n<a href=\"https:\/\/www.wimborneboxingclub.co.uk\">non gamstop casinos<\/a>\n<a href=\"https:\/\/elizabethmccormick.co.uk\">non gamstop casinos<\/a>\n<a href=\"https:\/\/www.best-non-gamstop-online-casinos.it.com\">non gamstop casinos<\/a>\n<a href=\"https:\/\/www.sunsethousebb.co.uk\">non gamstop casinos<\/a>\n<a href=\"https:\/\/casablancacatering.co.uk\">non gamstop casinos<\/a>\n<a href=\"https:\/\/greenpathway.co.uk\">non gamstop casinos<\/a>\n<a href=\"https:\/\/casino-not-on-gamstop.org\">non gamstop casinos<\/a>\n<a href=\"https:\/\/www.somptingbiglocal.org.uk\">non gamstop casinos<\/a>\n<a href=\"https:\/\/www.directdeliver.co.uk\">non gamstop casinos<\/a>\n<a href=\"https:\/\/www.best-non-gamstop-casinos-online.it.com\">non gamstop casinos<\/a>\n<a href=\"https:\/\/www.faysfairycakes.co.uk\">non gamstop casinos<\/a>\n<a href=\"https:\/\/www.samosaladyottery.co.uk\">non gamstop casinos<\/a>\n<a href=\"https:\/\/www.best-non-gamstop-casinos-uk-online.it.com\">non gamstop casinos<\/a>\n<a href=\"https:\/\/www.samprojectuos.co.uk\">non gamstop casinos<\/a>\n<a href=\"https:\/\/www.asc2024.org\">new online casinos<\/a>\n<a href=\"https:\/\/www.asc2024.org\">new online casinos canada<\/a>\n<a href=\"https:\/\/www.asc2024.org\">new online casino<\/a>\n<a href=\"https:\/\/www.4gy.com.au\">online casinos<\/a>\n<a href=\"https:\/\/www.4gy.com.au\">australian online casinos<\/a>\n<a href=\"https:\/\/www.4gy.com.au\">australian online pokies<\/a>\n<a href=\"https:\/\/www.4gy.com.au\">online pokies<\/a>\n<a href=\"https:\/\/www.4gy.com.au\">new online pokies<\/a>\n<a href=\"https:\/\/www.4gy.com.au\">best online casinos<\/a>\n<a href=\"https:\/\/www.isnocon2025.in\">aviator game download<\/a>\n<a href=\"https:\/\/www.isnocon2025.in\">aviator<\/a>\n<a href=\"https:\/\/www.isnocon2025.in\">aviator game<\/a><\/div>","protected":false},"excerpt":{"rendered":"<p>[vc_row][vc_column][vc_column_text] [\/vc_column_text][rev_slider_vc alias=&#8221;fest&#8221;][\/vc_column][\/vc_row][vc_row][vc_column][\/vc_column][\/vc_row][vc_row parallax=&#8221;content-moving-fade&#8221; parallax_image=&#8221;76&#8243; el_id=&#8221;about&#8221; css=&#8221;.vc_custom_1648572458081{background-color: #000000 !important;}&#8221;][vc_column parallax=&#8221;content-moving&#8221; css=&#8221;.vc_custom_1649206257590{background-color: #000000 !important;}&#8221;][\/vc_column][\/vc_row][vc_row css=&#8221;.vc_custom_1646784409029{background-color: #000000 !important;}&#8221;][vc_column parallax=&#8221;content-moving&#8221; css=&#8221;.vc_custom_1649100379392{background-color: #000000 !important;}&#8221;][vc_raw_html]JTVCaW5zdGFncmFtLWZlZWQlMjBmZWVkJTNENSU1RA==[\/vc_raw_html][\/vc_column][\/vc_row][vc_row css=&#8221;.vc_custom_1646785315020{background-color: #d3d3d3 !important;}&#8221;][vc_column][\/vc_column][\/vc_row][vc_row][vc_column][\/vc_column][\/vc_row][vc_row][vc_column][\/vc_column][\/vc_row][vc_row][vc_column][\/vc_column][\/vc_row][vc_section][\/vc_section][vc_row][vc_column][\/vc_column][\/vc_row] aviator aviator game aviator game aviator game goksites Online Casino Lijst online casino lijst Nederland goksites Nederland online casino ohne verifizierung online casino ohne verifizierung goksites goksites goksites goksites Tower Rush Game [&hellip;]<\/p>\n","protected":false},"author":1,"featured_media":0,"parent":0,"menu_order":0,"comment_status":"closed","ping_status":"closed","template":"fullwidth.php","meta":{"footnotes":""},"class_list":["post-25","page","type-page","status-publish","hentry",""],"_links":{"self":[{"href":"https:\/\/intermareshall.com.br\/site\/index.php\/wp-json\/wp\/v2\/pages\/25","targetHints":{"allow":["GET"]}}],"collection":[{"href":"https:\/\/intermareshall.com.br\/site\/index.php\/wp-json\/wp\/v2\/pages"}],"about":[{"href":"https:\/\/intermareshall.com.br\/site\/index.php\/wp-json\/wp\/v2\/types\/page"}],"author":[{"embeddable":true,"href":"https:\/\/intermareshall.com.br\/site\/index.php\/wp-json\/wp\/v2\/users\/1"}],"replies":[{"embeddable":true,"href":"https:\/\/intermareshall.com.br\/site\/index.php\/wp-json\/wp\/v2\/comments?post=25"}],"version-history":[{"count":299,"href":"https:\/\/intermareshall.com.br\/site\/index.php\/wp-json\/wp\/v2\/pages\/25\/revisions"}],"predecessor-version":[{"id":8597,"href":"https:\/\/intermareshall.com.br\/site\/index.php\/wp-json\/wp\/v2\/pages\/25\/revisions\/8597"}],"wp:attachment":[{"href":"https:\/\/intermareshall.com.br\/site\/index.php\/wp-json\/wp\/v2\/media?parent=25"}],"curies":[{"name":"wp","href":"https:\/\/api.w.org\/{rel}","templated":true}]}}