{"id":538,"date":"2022-03-15T12:26:16","date_gmt":"2022-03-15T15:26:16","guid":{"rendered":"http:\/\/intermareshall.com.br\/site\/?page_id=538"},"modified":"2022-09-09T16:44:04","modified_gmt":"2022-09-09T19:44:04","slug":"outdoor-digital","status":"publish","type":"page","link":"http:\/\/intermareshall.com.br\/site\/index.php\/outdoor-digital\/","title":{"rendered":"Outdoor Digital"},"content":{"rendered":"\n<div class=\"wp-block-group\"><div class=\"wp-block-group__inner-container is-layout-flow wp-block-group-is-layout-flow\">\n<div class=\"wp-block-columns is-layout-flex wp-container-core-columns-is-layout-9d6595d7 wp-block-columns-is-layout-flex\">\n<div class=\"wp-block-column is-layout-flow wp-block-column-is-layout-flow\" style=\"flex-basis:100%\">\n<div class=\"wp-block-columns is-layout-flex wp-container-core-columns-is-layout-9d6595d7 wp-block-columns-is-layout-flex\">\n<div class=\"wp-block-column is-layout-flow wp-block-column-is-layout-flow\" style=\"flex-basis:50%\">\n<figure class=\"wp-block-image size-large\"><img loading=\"lazy\" decoding=\"async\" width=\"1024\" height=\"768\" src=\"http:\/\/intermareshall.com.br\/site\/wp-content\/uploads\/2022\/09\/Telao-para-o-site-1024x768.jpg\" alt=\"\" class=\"wp-image-916\" srcset=\"http:\/\/intermareshall.com.br\/site\/wp-content\/uploads\/2022\/09\/Telao-para-o-site-1024x768.jpg 1024w, http:\/\/intermareshall.com.br\/site\/wp-content\/uploads\/2022\/09\/Telao-para-o-site-300x225.jpg 300w, http:\/\/intermareshall.com.br\/site\/wp-content\/uploads\/2022\/09\/Telao-para-o-site-768x576.jpg 768w, http:\/\/intermareshall.com.br\/site\/wp-content\/uploads\/2022\/09\/Telao-para-o-site-1536x1152.jpg 1536w, http:\/\/intermareshall.com.br\/site\/wp-content\/uploads\/2022\/09\/Telao-para-o-site-2048x1536.jpg 2048w, http:\/\/intermareshall.com.br\/site\/wp-content\/uploads\/2022\/09\/Telao-para-o-site-133x100.jpg 133w, http:\/\/intermareshall.com.br\/site\/wp-content\/uploads\/2022\/09\/Telao-para-o-site-600x450.jpg 600w\" sizes=\"auto, (max-width: 1024px) 100vw, 1024px\" \/><\/figure>\n<\/div>\n\n\n\n<div class=\"wp-block-column is-layout-flow wp-block-column-is-layout-flow\" style=\"flex-basis:50%\">\n<p>A BR 230 \u00e9 a principal rodovia de acesso entre as cidades de Cabedelo e Jo\u00e3o Pessoa. \u00c9 nela, que se encontra o maior outdoor digital da Para\u00edba. Estrategicamente localizado no pr\u00e9dio do Intermares Hall \u2013 parede frontal para a BR 230, o mega painel de LED utiliza tecnologia de ponta que alia qualidade e alta defini\u00e7\u00e3o de imagem.<\/p>\n<\/div>\n<\/div>\n<\/div>\n<\/div>\n<\/div><\/div>\n\n\n\n<p style=\"font-size:30px\">Vantagens<\/p>\n\n\n\n<ul class=\"wp-block-list\"><li>Grande impacto visual<\/li><\/ul>\n\n\n\n<ul class=\"wp-block-list\"><li>Fixa\u00e7\u00e3o da marca<\/li><\/ul>\n\n\n\n<ul class=\"wp-block-list\"><li>Versatilidade e dinamismo para campanhas publicit\u00e1rias<\/li><\/ul>\n\n\n\n<ul class=\"wp-block-list\"><li>Amplo alcance <\/li><\/ul>\n\n\n\n<ul class=\"wp-block-list\"><li>Excelente custo\/benef\u00edcio (at\u00e9 400 inser\u00e7\u00f5es por dia)<\/li><\/ul>\n\n\n\n<p style=\"font-size:30px\">Dimens\u00f5es<\/p>\n\n\n\n<ul class=\"wp-block-list\"><li> Tamanho do painel: 4,80mx 10,20m<\/li><\/ul>\n\n\n\n<ul class=\"wp-block-list\"><li> Resolu\u00e7\u00e3o:&nbsp; 640&#215;300 pixels<\/li><\/ul>\n\n\n\n<p>Anuncie com a gente! <\/p>\n\n\n\n<p><\/p>\n\n\n\n<p style=\"font-size:30px\">Contato<\/p>\n\n\n\n<p>Email: <a href=\"mailto:comercial@intermareshall.com.br\">comercial@intermareshall.com.br<\/a><\/p>\n\n\n\n<p>Telefone: (83)2177-5596<\/p>\n\n\n\n<figure class=\"wp-block-gallery has-nested-images columns-default is-cropped wp-block-gallery-1 is-layout-flex wp-block-gallery-is-layout-flex\">\n<figure class=\"wp-block-image size-large\"><img loading=\"lazy\" decoding=\"async\" width=\"1024\" height=\"697\" data-id=\"540\" src=\"http:\/\/intermareshall.com.br\/site\/wp-content\/uploads\/2022\/03\/Banner-interno-6-outdoor-digital-2-1-1024x697.png\" alt=\"\" class=\"wp-image-540\" srcset=\"http:\/\/intermareshall.com.br\/site\/wp-content\/uploads\/2022\/03\/Banner-interno-6-outdoor-digital-2-1-1024x697.png 1024w, http:\/\/intermareshall.com.br\/site\/wp-content\/uploads\/2022\/03\/Banner-interno-6-outdoor-digital-2-1-300x204.png 300w, http:\/\/intermareshall.com.br\/site\/wp-content\/uploads\/2022\/03\/Banner-interno-6-outdoor-digital-2-1-768x523.png 768w, http:\/\/intermareshall.com.br\/site\/wp-content\/uploads\/2022\/03\/Banner-interno-6-outdoor-digital-2-1-1536x1046.png 1536w, http:\/\/intermareshall.com.br\/site\/wp-content\/uploads\/2022\/03\/Banner-interno-6-outdoor-digital-2-1-147x100.png 147w, http:\/\/intermareshall.com.br\/site\/wp-content\/uploads\/2022\/03\/Banner-interno-6-outdoor-digital-2-1-600x408.png 600w, http:\/\/intermareshall.com.br\/site\/wp-content\/uploads\/2022\/03\/Banner-interno-6-outdoor-digital-2-1.png 1782w\" sizes=\"auto, (max-width: 1024px) 100vw, 1024px\" \/><\/figure>\n\n\n\n<figure class=\"wp-block-image size-large\"><img loading=\"lazy\" decoding=\"async\" width=\"1024\" height=\"632\" data-id=\"910\" src=\"http:\/\/intermareshall.com.br\/site\/wp-content\/uploads\/2022\/09\/Outdoor-para-o-site-1024x632.jpg\" alt=\"\" class=\"wp-image-910\" srcset=\"http:\/\/intermareshall.com.br\/site\/wp-content\/uploads\/2022\/09\/Outdoor-para-o-site-1024x632.jpg 1024w, http:\/\/intermareshall.com.br\/site\/wp-content\/uploads\/2022\/09\/Outdoor-para-o-site-300x185.jpg 300w, http:\/\/intermareshall.com.br\/site\/wp-content\/uploads\/2022\/09\/Outdoor-para-o-site-768x474.jpg 768w, http:\/\/intermareshall.com.br\/site\/wp-content\/uploads\/2022\/09\/Outdoor-para-o-site-1536x948.jpg 1536w, http:\/\/intermareshall.com.br\/site\/wp-content\/uploads\/2022\/09\/Outdoor-para-o-site-2048x1264.jpg 2048w, http:\/\/intermareshall.com.br\/site\/wp-content\/uploads\/2022\/09\/Outdoor-para-o-site-162x100.jpg 162w, http:\/\/intermareshall.com.br\/site\/wp-content\/uploads\/2022\/09\/Outdoor-para-o-site-600x370.jpg 600w\" sizes=\"auto, (max-width: 1024px) 100vw, 1024px\" \/><\/figure>\n<\/figure>\n","protected":false},"excerpt":{"rendered":"<p>A BR 230 \u00e9 a principal rodovia de acesso entre as cidades de Cabedelo e Jo\u00e3o Pessoa. \u00c9 nela, que se encontra o maior outdoor digital da Para\u00edba. Estrategicamente localizado no pr\u00e9dio do Intermares Hall \u2013 parede frontal para a BR 230, o mega painel de LED utiliza tecnologia de ponta que alia qualidade e [&hellip;]<\/p>\n","protected":false},"author":2,"featured_media":0,"parent":0,"menu_order":0,"comment_status":"closed","ping_status":"closed","template":"","meta":{"footnotes":""},"class_list":["post-538","page","type-page","status-publish","hentry",""],"_links":{"self":[{"href":"http:\/\/intermareshall.com.br\/site\/index.php\/wp-json\/wp\/v2\/pages\/538","targetHints":{"allow":["GET"]}}],"collection":[{"href":"http:\/\/intermareshall.com.br\/site\/index.php\/wp-json\/wp\/v2\/pages"}],"about":[{"href":"http:\/\/intermareshall.com.br\/site\/index.php\/wp-json\/wp\/v2\/types\/page"}],"author":[{"embeddable":true,"href":"http:\/\/intermareshall.com.br\/site\/index.php\/wp-json\/wp\/v2\/users\/2"}],"replies":[{"embeddable":true,"href":"http:\/\/intermareshall.com.br\/site\/index.php\/wp-json\/wp\/v2\/comments?post=538"}],"version-history":[{"count":4,"href":"http:\/\/intermareshall.com.br\/site\/index.php\/wp-json\/wp\/v2\/pages\/538\/revisions"}],"predecessor-version":[{"id":918,"href":"http:\/\/intermareshall.com.br\/site\/index.php\/wp-json\/wp\/v2\/pages\/538\/revisions\/918"}],"wp:attachment":[{"href":"http:\/\/intermareshall.com.br\/site\/index.php\/wp-json\/wp\/v2\/media?parent=538"}],"curies":[{"name":"wp","href":"https:\/\/api.w.org\/{rel}","templated":true}]}}